{"id":34,"date":"2018-05-15T11:57:58","date_gmt":"2018-05-15T10:57:58","guid":{"rendered":"https:\/\/augmentedinformationspaces.itn.liu.se\/?page_id=34"},"modified":"2020-02-26T17:46:00","modified_gmt":"2020-02-26T17:46:00","slug":"about","status":"publish","type":"page","link":"https:\/\/augmentedinformationspaces.itn.liu.se\/index.php\/about\/","title":{"rendered":"About"},"content":{"rendered":"<p>&#8220;Augmented Information Spaces&#8221; refers to spaces where the physical and the virtual meet on (more or less) equal terms. It is also the name of a second-semester class in the Visual Media track of the MSc Design program at Link\u00f6ping University, Sweden.<\/p>\n<p>The class has two main elements: to build a repertoire of significant design examples, and to carry out own design projects. We found the results of the class to be quite useful, and hence decided to share them in this form for the benefit of other students and designers of interactive visual media.<\/p>\n<p><img fetchpriority=\"high\" decoding=\"async\" class=\"alignnone wp-image-256 size-medium\" src=\"https:\/\/augmentedinformationspaces.itn.liu.se\/wp-content\/uploads\/2018\/05\/DSC_0012_fixed_2-228x300.jpg\" alt=\"\" width=\"228\" height=\"300\" srcset=\"https:\/\/augmentedinformationspaces.itn.liu.se\/wp-content\/uploads\/2018\/05\/DSC_0012_fixed_2-228x300.jpg 228w, https:\/\/augmentedinformationspaces.itn.liu.se\/wp-content\/uploads\/2018\/05\/DSC_0012_fixed_2-768x1008.jpg 768w, https:\/\/augmentedinformationspaces.itn.liu.se\/wp-content\/uploads\/2018\/05\/DSC_0012_fixed_2-780x1024.jpg 780w, https:\/\/augmentedinformationspaces.itn.liu.se\/wp-content\/uploads\/2018\/05\/DSC_0012_fixed_2.jpg 1501w\" sizes=\"(max-width: 228px) 100vw, 228px\" \/>\u00a0\u00a0\u00a0\u00a0<img decoding=\"async\" class=\"alignnone wp-image-257\" src=\"https:\/\/augmentedinformationspaces.itn.liu.se\/wp-content\/uploads\/2018\/05\/DSC_0031_fixed_2-300x245.jpg\" alt=\"\" width=\"367\" height=\"300\" srcset=\"https:\/\/augmentedinformationspaces.itn.liu.se\/wp-content\/uploads\/2018\/05\/DSC_0031_fixed_2-300x245.jpg 300w, https:\/\/augmentedinformationspaces.itn.liu.se\/wp-content\/uploads\/2018\/05\/DSC_0031_fixed_2-768x628.jpg 768w, https:\/\/augmentedinformationspaces.itn.liu.se\/wp-content\/uploads\/2018\/05\/DSC_0031_fixed_2-1024x838.jpg 1024w, https:\/\/augmentedinformationspaces.itn.liu.se\/wp-content\/uploads\/2018\/05\/DSC_0031_fixed_2.jpg 1878w\" sizes=\"(max-width: 367px) 100vw, 367px\" \/><\/p>\n<p><strong>The AIS class in 2018:<\/strong> Natasha Azam, Sarah Katrin Glassner, Yin He, Ola Karlsson, Hanna Norden\u00f6, Evan Palangio, Meike Remiger.<br \/>\n<strong>Instructors:<\/strong> <a href=\"http:\/\/jonas.lowgren.info\/\">Jonas L\u00f6wgren<\/a> (responsible for this site), Danwei Tran Luciani.<\/p>\n<p><strong>The AIS class in 2019:<\/strong> Chetana Deshpande, Jonas Fries, Jessica Grzech, Linnea Michel, Stefan Nikolov, Tim Selimi, Mia Shu, Julia Sk\u00f6nvall, Afina Zahra.<br \/>\n<strong>Instructors:<\/strong> Jonas L\u00f6wgren, Ahmet B\u00f6r\u00fctecene.<\/p>\n<p><strong>The AIS class in 2020:<\/strong> Mina Mani Kashani, Matilda Wall\u00e9n, Dong Wang.<br \/>\n<strong>Instructors:<\/strong> Jonas L\u00f6wgren, Ahmet B\u00f6r\u00fctecene.<\/p>\n<p>The MSc Design at Link\u00f6ping University is a two-year master program with a focus on multidisciplinary design approaches to societal challenges. <a href=\"https:\/\/liu.se\/en\/education\/program\/6mdes\">More information here<\/a>.<\/p>\n<p>Some of the examples in the collection come from the guest class Digital Design at the College of the Atlantic, Maine, US, in the fall of 2019.<\/p>\n<p><strong>The COA students in the 2019 DD class:<\/strong> Arbonita Bushi, Tina Drupa, Stephanie Guarachi, Chloe Hanken, Jara Lastra, Charles-Olivier Levesque, Celeste Mittelhauser, Jenny Reichert, Mark Riewestahl, Natalia Rijo de Leon, Morgane Saint-Cyr.<br \/>\n<strong>Instructor:<\/strong> Jonas L\u00f6wgren.<\/p>\n","protected":false},"excerpt":{"rendered":"<p>&#8220;Augmented Information Spaces&#8221; refers to spaces where the physical and the virtual meet on (more or less) equal terms. It is also the name of a second-semester class in the Visual Media track of the MSc Design program at Link\u00f6ping University, Sweden. The class has two main elements: to build a repertoire of significant design [&hellip;]<\/p>\n","protected":false},"author":3,"featured_media":0,"parent":0,"menu_order":0,"comment_status":"closed","ping_status":"closed","template":"","meta":{"footnotes":""},"class_list":["post-34","page","type-page","status-publish","czr-hentry"],"_links":{"self":[{"href":"https:\/\/augmentedinformationspaces.itn.liu.se\/index.php\/wp-json\/wp\/v2\/pages\/34","targetHints":{"allow":["GET"]}}],"collection":[{"href":"https:\/\/augmentedinformationspaces.itn.liu.se\/index.php\/wp-json\/wp\/v2\/pages"}],"about":[{"href":"https:\/\/augmentedinformationspaces.itn.liu.se\/index.php\/wp-json\/wp\/v2\/types\/page"}],"author":[{"embeddable":true,"href":"https:\/\/augmentedinformationspaces.itn.liu.se\/index.php\/wp-json\/wp\/v2\/users\/3"}],"replies":[{"embeddable":true,"href":"https:\/\/augmentedinformationspaces.itn.liu.se\/index.php\/wp-json\/wp\/v2\/comments?post=34"}],"version-history":[{"count":6,"href":"https:\/\/augmentedinformationspaces.itn.liu.se\/index.php\/wp-json\/wp\/v2\/pages\/34\/revisions"}],"predecessor-version":[{"id":416,"href":"https:\/\/augmentedinformationspaces.itn.liu.se\/index.php\/wp-json\/wp\/v2\/pages\/34\/revisions\/416"}],"wp:attachment":[{"href":"https:\/\/augmentedinformationspaces.itn.liu.se\/index.php\/wp-json\/wp\/v2\/media?parent=34"}],"curies":[{"name":"wp","href":"https:\/\/api.w.org\/{rel}","templated":true}]}}